{"id":168,"date":"2024-03-20T14:20:45","date_gmt":"2024-03-20T14:20:45","guid":{"rendered":"https:\/\/www.hotelhiroparis.com\/hiro\/"},"modified":"2024-12-05T13:18:01","modified_gmt":"2024-12-05T13:18:01","slug":"hiro","status":"publish","type":"page","link":"https:\/\/www.hotelhiroparis.com\/es\/","title":{"rendered":"Hotel Hiro, un hotel boutique acogedor y chic"},"content":{"rendered":"<p style=\"text-align: center\"><strong>El lugar\/hotel Hiro es un nombre raro que significa<\/strong>, en el pa\u00eds del sol naciente, \u201cgeneroso\u201d, \u201cgrande\u201d y, en el otro lado del mundo, \u201cnavegaci\u00f3n\u201d y \u201cviaje\u201d. Es en este espacio ins\u00f3lito, con su atm\u00f3sfera acogedora y chic, donde invita a dejar el equipaje y hacer una pausa. Porque en el n\u00famero 7 de la rue Brey, a dos pasos de los Campos El\u00edseos, act\u00faa la magia de este hotel boutique de 4 estrellas&#8230; para sentirse como en casa, como en una gran casa parisina. Leer m\u00e1s Ubicado en un animado barrio del distrito 17 de Par\u00eds, el hotel Hiro le invita a descubrir las \u00faltimas tendencias de moda y los mercados t\u00edpicos que hacen vital la capital francesa. En el nacimiento del autom\u00f3vil, este barrio del oeste de Par\u00eds era frecuentado por guarnicioneros y carroceros; en la segunda mitad del siglo XX, por damas galantes. Dise\u00f1ado con un elegante esp\u00edritu de caravana y talabarter\u00eda, este hotel de dise\u00f1o en Par\u00eds-Elys\u00e9es est\u00e1 inspirado en la historia del lugar. Desde la entrada cubierta de terciopelo e iluminada por una vidriera exclusiva, pasando por salones \u00edntimos hasta las <strong>26 habitaciones,<\/strong> ser\u00e1 transportado a un lugar m\u00e1gico. No hace falta una bola de cristal para saber que en familia, en pareja o con amigos os sentir\u00e9is bien en este entorno de estilo de vida y ambiente relajado.<\/p>\n","protected":false},"excerpt":{"rendered":"<p>El lugar\/hotel Hiro es un nombre raro que significa, en el pa\u00eds del sol naciente, \u201cgeneroso\u201d, \u201cgrande\u201d y, en el otro lado del mundo, \u201cnavegaci\u00f3n\u201d y \u201cviaje\u201d. Es en este espacio ins\u00f3lito, con su atm\u00f3sfera acogedora y chic, donde invita a dejar el equipaje y hacer una pausa. Porque en el n\u00famero 7 de la [&hellip;]<\/p>\n","protected":false},"author":27,"featured_media":0,"parent":0,"menu_order":0,"comment_status":"closed","ping_status":"closed","template":"","meta":{"footnotes":""},"yoast_head":"<!-- This site is optimized with the Yoast SEO plugin v22.3 - https:\/\/yoast.com\/wordpress\/plugins\/seo\/ -->\n<title>Hotel Hiro, un hotel boutique acogedor y chic - Hotel Hiro<\/title>\n<meta name=\"robots\" content=\"index, follow, max-snippet:-1, max-image-preview:large, max-video-preview:-1\" \/>\n<link rel=\"canonical\" href=\"https:\/\/www.hotelhiroparis.com\/es\/\" \/>\n<meta property=\"og:locale\" content=\"es_ES\" \/>\n<meta property=\"og:type\" content=\"article\" \/>\n<meta property=\"og:title\" content=\"Hotel Hiro, un hotel boutique acogedor y chic - Hotel Hiro\" \/>\n<meta property=\"og:description\" content=\"El lugar\/hotel Hiro es un nombre raro que significa, en el pa\u00eds del sol naciente, \u201cgeneroso\u201d, \u201cgrande\u201d y, en el otro lado del mundo, \u201cnavegaci\u00f3n\u201d y \u201cviaje\u201d. Es en este espacio ins\u00f3lito, con su atm\u00f3sfera acogedora y chic, donde invita a dejar el equipaje y hacer una pausa. Porque en el n\u00famero 7 de la [&hellip;]\" \/>\n<meta property=\"og:url\" content=\"https:\/\/www.hotelhiroparis.com\/es\/\" \/>\n<meta property=\"og:site_name\" content=\"Hotel Hiro\" \/>\n<meta property=\"article:modified_time\" content=\"2024-12-05T13:18:01+00:00\" \/>\n<meta name=\"twitter:card\" content=\"summary_large_image\" \/>\n<meta name=\"twitter:label1\" content=\"Tiempo de lectura\" \/>\n\t<meta name=\"twitter:data1\" content=\"2 minutos\" \/>\n<script type=\"application\/ld+json\" class=\"yoast-schema-graph\">{\"@context\":\"https:\/\/schema.org\",\"@graph\":[{\"@type\":\"WebPage\",\"@id\":\"https:\/\/www.hotelhiroparis.com\/es\/\",\"url\":\"https:\/\/www.hotelhiroparis.com\/es\/\",\"name\":\"Hotel Hiro, un hotel boutique acogedor y chic - Hotel Hiro\",\"isPartOf\":{\"@id\":\"https:\/\/www.hotelhiroparis.com\/es\/#website\"},\"datePublished\":\"2024-03-20T14:20:45+00:00\",\"dateModified\":\"2024-12-05T13:18:01+00:00\",\"breadcrumb\":{\"@id\":\"https:\/\/www.hotelhiroparis.com\/es\/#breadcrumb\"},\"inLanguage\":\"es\",\"potentialAction\":[{\"@type\":\"ReadAction\",\"target\":[\"https:\/\/www.hotelhiroparis.com\/es\/\"]}]},{\"@type\":\"BreadcrumbList\",\"@id\":\"https:\/\/www.hotelhiroparis.com\/es\/#breadcrumb\",\"itemListElement\":[{\"@type\":\"ListItem\",\"position\":1,\"name\":\"Home\",\"item\":\"https:\/\/www.hotelhiroparis.com\/es\/\"},{\"@type\":\"ListItem\",\"position\":2,\"name\":\"Hotel Hiro, un hotel boutique acogedor y chic\"}]},{\"@type\":\"WebSite\",\"@id\":\"https:\/\/www.hotelhiroparis.com\/es\/#website\",\"url\":\"https:\/\/www.hotelhiroparis.com\/es\/\",\"name\":\"Hotel Hiro\",\"description\":\"\",\"potentialAction\":[{\"@type\":\"SearchAction\",\"target\":{\"@type\":\"EntryPoint\",\"urlTemplate\":\"https:\/\/www.hotelhiroparis.com\/es\/?s={search_term_string}\"},\"query-input\":\"required name=search_term_string\"}],\"inLanguage\":\"es\"}]}<\/script>\n<!-- \/ Yoast SEO plugin. -->","yoast_head_json":{"title":"Hotel Hiro, un hotel boutique acogedor y chic - Hotel Hiro","robots":{"index":"index","follow":"follow","max-snippet":"max-snippet:-1","max-image-preview":"max-image-preview:large","max-video-preview":"max-video-preview:-1"},"canonical":"https:\/\/www.hotelhiroparis.com\/es\/","og_locale":"es_ES","og_type":"article","og_title":"Hotel Hiro, un hotel boutique acogedor y chic - Hotel Hiro","og_description":"El lugar\/hotel Hiro es un nombre raro que significa, en el pa\u00eds del sol naciente, \u201cgeneroso\u201d, \u201cgrande\u201d y, en el otro lado del mundo, \u201cnavegaci\u00f3n\u201d y \u201cviaje\u201d. Es en este espacio ins\u00f3lito, con su atm\u00f3sfera acogedora y chic, donde invita a dejar el equipaje y hacer una pausa. Porque en el n\u00famero 7 de la [&hellip;]","og_url":"https:\/\/www.hotelhiroparis.com\/es\/","og_site_name":"Hotel Hiro","article_modified_time":"2024-12-05T13:18:01+00:00","twitter_card":"summary_large_image","twitter_misc":{"Tiempo de lectura":"2 minutos"},"schema":{"@context":"https:\/\/schema.org","@graph":[{"@type":"WebPage","@id":"https:\/\/www.hotelhiroparis.com\/es\/","url":"https:\/\/www.hotelhiroparis.com\/es\/","name":"Hotel Hiro, un hotel boutique acogedor y chic - Hotel Hiro","isPartOf":{"@id":"https:\/\/www.hotelhiroparis.com\/es\/#website"},"datePublished":"2024-03-20T14:20:45+00:00","dateModified":"2024-12-05T13:18:01+00:00","breadcrumb":{"@id":"https:\/\/www.hotelhiroparis.com\/es\/#breadcrumb"},"inLanguage":"es","potentialAction":[{"@type":"ReadAction","target":["https:\/\/www.hotelhiroparis.com\/es\/"]}]},{"@type":"BreadcrumbList","@id":"https:\/\/www.hotelhiroparis.com\/es\/#breadcrumb","itemListElement":[{"@type":"ListItem","position":1,"name":"Home","item":"https:\/\/www.hotelhiroparis.com\/es\/"},{"@type":"ListItem","position":2,"name":"Hotel Hiro, un hotel boutique acogedor y chic"}]},{"@type":"WebSite","@id":"https:\/\/www.hotelhiroparis.com\/es\/#website","url":"https:\/\/www.hotelhiroparis.com\/es\/","name":"Hotel Hiro","description":"","potentialAction":[{"@type":"SearchAction","target":{"@type":"EntryPoint","urlTemplate":"https:\/\/www.hotelhiroparis.com\/es\/?s={search_term_string}"},"query-input":"required name=search_term_string"}],"inLanguage":"es"}]}},"acf":[],"_links":{"self":[{"href":"https:\/\/www.hotelhiroparis.com\/es\/wp-json\/wp\/v2\/pages\/168"}],"collection":[{"href":"https:\/\/www.hotelhiroparis.com\/es\/wp-json\/wp\/v2\/pages"}],"about":[{"href":"https:\/\/www.hotelhiroparis.com\/es\/wp-json\/wp\/v2\/types\/page"}],"author":[{"embeddable":true,"href":"https:\/\/www.hotelhiroparis.com\/es\/wp-json\/wp\/v2\/users\/27"}],"replies":[{"embeddable":true,"href":"https:\/\/www.hotelhiroparis.com\/es\/wp-json\/wp\/v2\/comments?post=168"}],"version-history":[{"count":0,"href":"https:\/\/www.hotelhiroparis.com\/es\/wp-json\/wp\/v2\/pages\/168\/revisions"}],"wp:attachment":[{"href":"https:\/\/www.hotelhiroparis.com\/es\/wp-json\/wp\/v2\/media?parent=168"}],"curies":[{"name":"wp","href":"https:\/\/api.w.org\/{rel}","templated":true}]}}