{"id":177,"date":"2024-03-21T15:12:39","date_gmt":"2024-03-21T15:12:39","guid":{"rendered":"https:\/\/www.hotelhiroparis.com\/les-chambres\/"},"modified":"2024-07-29T13:00:11","modified_gmt":"2024-07-29T13:00:11","slug":"les-chambres","status":"publish","type":"page","link":"https:\/\/www.hotelhiroparis.com\/es\/les-chambres\/","title":{"rendered":"Las habitaciones"},"content":{"rendered":"<p style=\"text-align: center\">Con un ambiente suave <strong>inspirado en la talabarter\u00eda<\/strong>, las habitaciones evocan los viajes y est\u00e1n decoradas con un c\u00e1lido y acogedor estilo couture: cabecero en forma de maleta gigante, vestidor abierto de metal y cuero que recuerda a un banco de trabajo&#8230; Twin, twin peque\u00f1o o single: entre 11 y 14 m2 Ropa de cama de calidad: 2&#215;80 Televisor de pantalla plana conectado a Netflix \u2013 wifi \u2013 Ducha \u2013 Albornoces y zapatillas \u2013 Secador de pelo Hervidor \u2013 cafetera Botella de agua filtrada \u2013 Productos de belleza eco-rellenables Nuxe Leer m\u00e1s<\/p>\n","protected":false},"excerpt":{"rendered":"<p>Con un ambiente suave inspirado en la talabarter\u00eda, las habitaciones evocan los viajes y est\u00e1n decoradas con un c\u00e1lido y acogedor estilo couture: cabecero en forma de maleta gigante, vestidor abierto de metal y cuero que recuerda a un banco de trabajo&#8230; Twin, twin peque\u00f1o o single: entre 11 y 14 m2 Ropa de cama [&hellip;]<\/p>\n","protected":false},"author":27,"featured_media":0,"parent":0,"menu_order":0,"comment_status":"closed","ping_status":"closed","template":"template-rooms.php","meta":{"footnotes":""},"yoast_head":"<!-- This site is optimized with the Yoast SEO plugin v22.3 - https:\/\/yoast.com\/wordpress\/plugins\/seo\/ -->\n<title>Las habitaciones - Hotel Hiro<\/title>\n<meta name=\"robots\" content=\"index, follow, max-snippet:-1, max-image-preview:large, max-video-preview:-1\" \/>\n<link rel=\"canonical\" href=\"https:\/\/www.hotelhiroparis.com\/es\/les-chambres\/\" \/>\n<meta property=\"og:locale\" content=\"es_ES\" \/>\n<meta property=\"og:type\" content=\"article\" \/>\n<meta property=\"og:title\" content=\"Las habitaciones - Hotel Hiro\" \/>\n<meta property=\"og:description\" content=\"Con un ambiente suave inspirado en la talabarter\u00eda, las habitaciones evocan los viajes y est\u00e1n decoradas con un c\u00e1lido y acogedor estilo couture: cabecero en forma de maleta gigante, vestidor abierto de metal y cuero que recuerda a un banco de trabajo&#8230; Twin, twin peque\u00f1o o single: entre 11 y 14 m2 Ropa de cama [&hellip;]\" \/>\n<meta property=\"og:url\" content=\"https:\/\/www.hotelhiroparis.com\/es\/les-chambres\/\" \/>\n<meta property=\"og:site_name\" content=\"Hotel Hiro\" \/>\n<meta property=\"article:modified_time\" content=\"2024-07-29T13:00:11+00:00\" \/>\n<meta name=\"twitter:card\" content=\"summary_large_image\" \/>\n<meta name=\"twitter:label1\" content=\"Tiempo de lectura\" \/>\n\t<meta name=\"twitter:data1\" content=\"1 minuto\" \/>\n<script type=\"application\/ld+json\" class=\"yoast-schema-graph\">{\"@context\":\"https:\/\/schema.org\",\"@graph\":[{\"@type\":\"WebPage\",\"@id\":\"https:\/\/www.hotelhiroparis.com\/es\/les-chambres\/\",\"url\":\"https:\/\/www.hotelhiroparis.com\/es\/les-chambres\/\",\"name\":\"Las habitaciones - Hotel Hiro\",\"isPartOf\":{\"@id\":\"https:\/\/www.hotelhiroparis.com\/es\/#website\"},\"datePublished\":\"2024-03-21T15:12:39+00:00\",\"dateModified\":\"2024-07-29T13:00:11+00:00\",\"breadcrumb\":{\"@id\":\"https:\/\/www.hotelhiroparis.com\/es\/les-chambres\/#breadcrumb\"},\"inLanguage\":\"es\",\"potentialAction\":[{\"@type\":\"ReadAction\",\"target\":[\"https:\/\/www.hotelhiroparis.com\/es\/les-chambres\/\"]}]},{\"@type\":\"BreadcrumbList\",\"@id\":\"https:\/\/www.hotelhiroparis.com\/es\/les-chambres\/#breadcrumb\",\"itemListElement\":[{\"@type\":\"ListItem\",\"position\":1,\"name\":\"Home\",\"item\":\"https:\/\/www.hotelhiroparis.com\/es\/\"},{\"@type\":\"ListItem\",\"position\":2,\"name\":\"Las habitaciones\"}]},{\"@type\":\"WebSite\",\"@id\":\"https:\/\/www.hotelhiroparis.com\/es\/#website\",\"url\":\"https:\/\/www.hotelhiroparis.com\/es\/\",\"name\":\"Hotel Hiro\",\"description\":\"\",\"potentialAction\":[{\"@type\":\"SearchAction\",\"target\":{\"@type\":\"EntryPoint\",\"urlTemplate\":\"https:\/\/www.hotelhiroparis.com\/es\/?s={search_term_string}\"},\"query-input\":\"required name=search_term_string\"}],\"inLanguage\":\"es\"}]}<\/script>\n<!-- \/ Yoast SEO plugin. -->","yoast_head_json":{"title":"Las habitaciones - Hotel Hiro","robots":{"index":"index","follow":"follow","max-snippet":"max-snippet:-1","max-image-preview":"max-image-preview:large","max-video-preview":"max-video-preview:-1"},"canonical":"https:\/\/www.hotelhiroparis.com\/es\/les-chambres\/","og_locale":"es_ES","og_type":"article","og_title":"Las habitaciones - Hotel Hiro","og_description":"Con un ambiente suave inspirado en la talabarter\u00eda, las habitaciones evocan los viajes y est\u00e1n decoradas con un c\u00e1lido y acogedor estilo couture: cabecero en forma de maleta gigante, vestidor abierto de metal y cuero que recuerda a un banco de trabajo&#8230; Twin, twin peque\u00f1o o single: entre 11 y 14 m2 Ropa de cama [&hellip;]","og_url":"https:\/\/www.hotelhiroparis.com\/es\/les-chambres\/","og_site_name":"Hotel Hiro","article_modified_time":"2024-07-29T13:00:11+00:00","twitter_card":"summary_large_image","twitter_misc":{"Tiempo de lectura":"1 minuto"},"schema":{"@context":"https:\/\/schema.org","@graph":[{"@type":"WebPage","@id":"https:\/\/www.hotelhiroparis.com\/es\/les-chambres\/","url":"https:\/\/www.hotelhiroparis.com\/es\/les-chambres\/","name":"Las habitaciones - Hotel Hiro","isPartOf":{"@id":"https:\/\/www.hotelhiroparis.com\/es\/#website"},"datePublished":"2024-03-21T15:12:39+00:00","dateModified":"2024-07-29T13:00:11+00:00","breadcrumb":{"@id":"https:\/\/www.hotelhiroparis.com\/es\/les-chambres\/#breadcrumb"},"inLanguage":"es","potentialAction":[{"@type":"ReadAction","target":["https:\/\/www.hotelhiroparis.com\/es\/les-chambres\/"]}]},{"@type":"BreadcrumbList","@id":"https:\/\/www.hotelhiroparis.com\/es\/les-chambres\/#breadcrumb","itemListElement":[{"@type":"ListItem","position":1,"name":"Home","item":"https:\/\/www.hotelhiroparis.com\/es\/"},{"@type":"ListItem","position":2,"name":"Las habitaciones"}]},{"@type":"WebSite","@id":"https:\/\/www.hotelhiroparis.com\/es\/#website","url":"https:\/\/www.hotelhiroparis.com\/es\/","name":"Hotel Hiro","description":"","potentialAction":[{"@type":"SearchAction","target":{"@type":"EntryPoint","urlTemplate":"https:\/\/www.hotelhiroparis.com\/es\/?s={search_term_string}"},"query-input":"required name=search_term_string"}],"inLanguage":"es"}]}},"acf":[],"_links":{"self":[{"href":"https:\/\/www.hotelhiroparis.com\/es\/wp-json\/wp\/v2\/pages\/177"}],"collection":[{"href":"https:\/\/www.hotelhiroparis.com\/es\/wp-json\/wp\/v2\/pages"}],"about":[{"href":"https:\/\/www.hotelhiroparis.com\/es\/wp-json\/wp\/v2\/types\/page"}],"author":[{"embeddable":true,"href":"https:\/\/www.hotelhiroparis.com\/es\/wp-json\/wp\/v2\/users\/27"}],"replies":[{"embeddable":true,"href":"https:\/\/www.hotelhiroparis.com\/es\/wp-json\/wp\/v2\/comments?post=177"}],"version-history":[{"count":0,"href":"https:\/\/www.hotelhiroparis.com\/es\/wp-json\/wp\/v2\/pages\/177\/revisions"}],"wp:attachment":[{"href":"https:\/\/www.hotelhiroparis.com\/es\/wp-json\/wp\/v2\/media?parent=177"}],"curies":[{"name":"wp","href":"https:\/\/api.w.org\/{rel}","templated":true}]}}