{"id":180,"date":"2024-03-21T15:25:32","date_gmt":"2024-03-21T15:25:32","guid":{"rendered":"https:\/\/www.hotelhiroparis.com\/les-chambres\/chambres-superieure\/"},"modified":"2024-07-29T13:31:57","modified_gmt":"2024-07-29T13:31:57","slug":"chambres-superieure","status":"publish","type":"page","link":"https:\/\/www.hotelhiroparis.com\/es\/les-chambres\/chambres-superieure\/","title":{"rendered":"Habitaciones Superiores &#8211; El Espumoso"},"content":{"rendered":"<p style=\"text-align: center\"><strong>Ubicadas en el edificio principal<\/strong> con vista al patio y en el piso superior del taller de curtidur\u00eda, las alcobas est\u00e1n iluminadas por una peque\u00f1a ventana o claraboya. Con secretos bien guardados, te invitan a dormir bajo las estrellas. Bajo un cielo lleno de estrellas, tendr\u00e1s sue\u00f1os dulces y envolventes. Algunas tienen un peque\u00f1o altillo y colchones mullidos, como alfombras voladoras suspendidas. A otras s\u00f3lo se puede acceder a trav\u00e9s de una hermosa escalera de hierro. Se invita a los hu\u00e9spedes con dificultades de movilidad a tenerlo en cuenta al realizar su reserva o avisarlo a recepci\u00f3n a su llegada.<\/p>\n","protected":false},"excerpt":{"rendered":"<p>Ubicadas en el edificio principal con vista al patio y en el piso superior del taller de curtidur\u00eda, las alcobas est\u00e1n iluminadas por una peque\u00f1a ventana o claraboya. Con secretos bien guardados, te invitan a dormir bajo las estrellas. Bajo un cielo lleno de estrellas, tendr\u00e1s sue\u00f1os dulces y envolventes. Algunas tienen un peque\u00f1o altillo [&hellip;]<\/p>\n","protected":false},"author":27,"featured_media":0,"parent":177,"menu_order":3,"comment_status":"closed","ping_status":"closed","template":"template-single-room.php","meta":{"footnotes":""},"yoast_head":"<!-- This site is optimized with the Yoast SEO plugin v22.3 - https:\/\/yoast.com\/wordpress\/plugins\/seo\/ -->\n<title>Habitaciones Superiores - El Espumoso - Hotel Hiro<\/title>\n<meta name=\"robots\" content=\"index, follow, max-snippet:-1, max-image-preview:large, max-video-preview:-1\" \/>\n<link rel=\"canonical\" href=\"https:\/\/www.hotelhiroparis.com\/es\/les-chambres\/chambres-superieure\/\" \/>\n<meta property=\"og:locale\" content=\"es_ES\" \/>\n<meta property=\"og:type\" content=\"article\" \/>\n<meta property=\"og:title\" content=\"Habitaciones Superiores - El Espumoso - Hotel Hiro\" \/>\n<meta property=\"og:description\" content=\"Ubicadas en el edificio principal con vista al patio y en el piso superior del taller de curtidur\u00eda, las alcobas est\u00e1n iluminadas por una peque\u00f1a ventana o claraboya. Con secretos bien guardados, te invitan a dormir bajo las estrellas. Bajo un cielo lleno de estrellas, tendr\u00e1s sue\u00f1os dulces y envolventes. Algunas tienen un peque\u00f1o altillo [&hellip;]\" \/>\n<meta property=\"og:url\" content=\"https:\/\/www.hotelhiroparis.com\/es\/les-chambres\/chambres-superieure\/\" \/>\n<meta property=\"og:site_name\" content=\"Hotel Hiro\" \/>\n<meta property=\"article:modified_time\" content=\"2024-07-29T13:31:57+00:00\" \/>\n<meta name=\"twitter:card\" content=\"summary_large_image\" \/>\n<meta name=\"twitter:label1\" content=\"Tiempo de lectura\" \/>\n\t<meta name=\"twitter:data1\" content=\"1 minuto\" \/>\n<script type=\"application\/ld+json\" class=\"yoast-schema-graph\">{\"@context\":\"https:\/\/schema.org\",\"@graph\":[{\"@type\":\"WebPage\",\"@id\":\"https:\/\/www.hotelhiroparis.com\/es\/les-chambres\/chambres-superieure\/\",\"url\":\"https:\/\/www.hotelhiroparis.com\/es\/les-chambres\/chambres-superieure\/\",\"name\":\"Habitaciones Superiores - El Espumoso - Hotel Hiro\",\"isPartOf\":{\"@id\":\"https:\/\/www.hotelhiroparis.com\/es\/#website\"},\"datePublished\":\"2024-03-21T15:25:32+00:00\",\"dateModified\":\"2024-07-29T13:31:57+00:00\",\"breadcrumb\":{\"@id\":\"https:\/\/www.hotelhiroparis.com\/es\/les-chambres\/chambres-superieure\/#breadcrumb\"},\"inLanguage\":\"es\",\"potentialAction\":[{\"@type\":\"ReadAction\",\"target\":[\"https:\/\/www.hotelhiroparis.com\/es\/les-chambres\/chambres-superieure\/\"]}]},{\"@type\":\"BreadcrumbList\",\"@id\":\"https:\/\/www.hotelhiroparis.com\/es\/les-chambres\/chambres-superieure\/#breadcrumb\",\"itemListElement\":[{\"@type\":\"ListItem\",\"position\":1,\"name\":\"Home\",\"item\":\"https:\/\/www.hotelhiroparis.com\/es\/\"},{\"@type\":\"ListItem\",\"position\":2,\"name\":\"Las habitaciones\",\"item\":\"https:\/\/www.hotelhiroparis.com\/es\/les-chambres\/\"},{\"@type\":\"ListItem\",\"position\":3,\"name\":\"Habitaciones Superiores &#8211; El Espumoso\"}]},{\"@type\":\"WebSite\",\"@id\":\"https:\/\/www.hotelhiroparis.com\/es\/#website\",\"url\":\"https:\/\/www.hotelhiroparis.com\/es\/\",\"name\":\"Hotel Hiro\",\"description\":\"\",\"potentialAction\":[{\"@type\":\"SearchAction\",\"target\":{\"@type\":\"EntryPoint\",\"urlTemplate\":\"https:\/\/www.hotelhiroparis.com\/es\/?s={search_term_string}\"},\"query-input\":\"required name=search_term_string\"}],\"inLanguage\":\"es\"}]}<\/script>\n<!-- \/ Yoast SEO plugin. -->","yoast_head_json":{"title":"Habitaciones Superiores - El Espumoso - Hotel Hiro","robots":{"index":"index","follow":"follow","max-snippet":"max-snippet:-1","max-image-preview":"max-image-preview:large","max-video-preview":"max-video-preview:-1"},"canonical":"https:\/\/www.hotelhiroparis.com\/es\/les-chambres\/chambres-superieure\/","og_locale":"es_ES","og_type":"article","og_title":"Habitaciones Superiores - El Espumoso - Hotel Hiro","og_description":"Ubicadas en el edificio principal con vista al patio y en el piso superior del taller de curtidur\u00eda, las alcobas est\u00e1n iluminadas por una peque\u00f1a ventana o claraboya. Con secretos bien guardados, te invitan a dormir bajo las estrellas. Bajo un cielo lleno de estrellas, tendr\u00e1s sue\u00f1os dulces y envolventes. Algunas tienen un peque\u00f1o altillo [&hellip;]","og_url":"https:\/\/www.hotelhiroparis.com\/es\/les-chambres\/chambres-superieure\/","og_site_name":"Hotel Hiro","article_modified_time":"2024-07-29T13:31:57+00:00","twitter_card":"summary_large_image","twitter_misc":{"Tiempo de lectura":"1 minuto"},"schema":{"@context":"https:\/\/schema.org","@graph":[{"@type":"WebPage","@id":"https:\/\/www.hotelhiroparis.com\/es\/les-chambres\/chambres-superieure\/","url":"https:\/\/www.hotelhiroparis.com\/es\/les-chambres\/chambres-superieure\/","name":"Habitaciones Superiores - El Espumoso - Hotel Hiro","isPartOf":{"@id":"https:\/\/www.hotelhiroparis.com\/es\/#website"},"datePublished":"2024-03-21T15:25:32+00:00","dateModified":"2024-07-29T13:31:57+00:00","breadcrumb":{"@id":"https:\/\/www.hotelhiroparis.com\/es\/les-chambres\/chambres-superieure\/#breadcrumb"},"inLanguage":"es","potentialAction":[{"@type":"ReadAction","target":["https:\/\/www.hotelhiroparis.com\/es\/les-chambres\/chambres-superieure\/"]}]},{"@type":"BreadcrumbList","@id":"https:\/\/www.hotelhiroparis.com\/es\/les-chambres\/chambres-superieure\/#breadcrumb","itemListElement":[{"@type":"ListItem","position":1,"name":"Home","item":"https:\/\/www.hotelhiroparis.com\/es\/"},{"@type":"ListItem","position":2,"name":"Las habitaciones","item":"https:\/\/www.hotelhiroparis.com\/es\/les-chambres\/"},{"@type":"ListItem","position":3,"name":"Habitaciones Superiores &#8211; El Espumoso"}]},{"@type":"WebSite","@id":"https:\/\/www.hotelhiroparis.com\/es\/#website","url":"https:\/\/www.hotelhiroparis.com\/es\/","name":"Hotel Hiro","description":"","potentialAction":[{"@type":"SearchAction","target":{"@type":"EntryPoint","urlTemplate":"https:\/\/www.hotelhiroparis.com\/es\/?s={search_term_string}"},"query-input":"required name=search_term_string"}],"inLanguage":"es"}]}},"acf":[],"_links":{"self":[{"href":"https:\/\/www.hotelhiroparis.com\/es\/wp-json\/wp\/v2\/pages\/180"}],"collection":[{"href":"https:\/\/www.hotelhiroparis.com\/es\/wp-json\/wp\/v2\/pages"}],"about":[{"href":"https:\/\/www.hotelhiroparis.com\/es\/wp-json\/wp\/v2\/types\/page"}],"author":[{"embeddable":true,"href":"https:\/\/www.hotelhiroparis.com\/es\/wp-json\/wp\/v2\/users\/27"}],"replies":[{"embeddable":true,"href":"https:\/\/www.hotelhiroparis.com\/es\/wp-json\/wp\/v2\/comments?post=180"}],"version-history":[{"count":0,"href":"https:\/\/www.hotelhiroparis.com\/es\/wp-json\/wp\/v2\/pages\/180\/revisions"}],"up":[{"embeddable":true,"href":"https:\/\/www.hotelhiroparis.com\/es\/wp-json\/wp\/v2\/pages\/177"}],"wp:attachment":[{"href":"https:\/\/www.hotelhiroparis.com\/es\/wp-json\/wp\/v2\/media?parent=180"}],"curies":[{"name":"wp","href":"https:\/\/api.w.org\/{rel}","templated":true}]}}