{"id":182,"date":"2024-03-21T15:40:13","date_gmt":"2024-03-21T15:40:13","guid":{"rendered":"https:\/\/www.hotelhiroparis.com\/les-pauses-enchantees\/"},"modified":"2024-07-29T13:42:48","modified_gmt":"2024-07-29T13:42:48","slug":"les-pauses-enchantees","status":"publish","type":"page","link":"https:\/\/www.hotelhiroparis.com\/es\/les-pauses-enchantees\/","title":{"rendered":"Pausas encantadas"},"content":{"rendered":"<p style=\"text-align: center\"><strong>En el H\u00f4tel Hiro<\/strong>, uno se siente como en casa estando en otro lugar. Cada espacio, con su ambiente c\u00e1lido y protector, ofrece <strong>sensaciones intensas<\/strong>, placeres sensoriales y emociones aut\u00e9nticas en cada momento del d\u00eda.<\/p>\n<p>&nbsp;<\/p>\n","protected":false},"excerpt":{"rendered":"<p>En el H\u00f4tel Hiro, uno se siente como en casa estando en otro lugar. Cada espacio, con su ambiente c\u00e1lido y protector, ofrece sensaciones intensas, placeres sensoriales y emociones aut\u00e9nticas en cada momento del d\u00eda. &nbsp;<\/p>\n","protected":false},"author":27,"featured_media":0,"parent":0,"menu_order":0,"comment_status":"closed","ping_status":"closed","template":"template-restaurants.php","meta":{"footnotes":""},"yoast_head":"<!-- This site is optimized with the Yoast SEO plugin v22.3 - https:\/\/yoast.com\/wordpress\/plugins\/seo\/ -->\n<title>Pausas encantadas - Hotel Hiro<\/title>\n<meta name=\"robots\" content=\"index, follow, max-snippet:-1, max-image-preview:large, max-video-preview:-1\" \/>\n<link rel=\"canonical\" href=\"https:\/\/www.hotelhiroparis.com\/es\/les-pauses-enchantees\/\" \/>\n<meta property=\"og:locale\" content=\"es_ES\" \/>\n<meta property=\"og:type\" content=\"article\" \/>\n<meta property=\"og:title\" content=\"Pausas encantadas - Hotel Hiro\" \/>\n<meta property=\"og:description\" content=\"En el H\u00f4tel Hiro, uno se siente como en casa estando en otro lugar. Cada espacio, con su ambiente c\u00e1lido y protector, ofrece sensaciones intensas, placeres sensoriales y emociones aut\u00e9nticas en cada momento del d\u00eda. &nbsp;\" \/>\n<meta property=\"og:url\" content=\"https:\/\/www.hotelhiroparis.com\/es\/les-pauses-enchantees\/\" \/>\n<meta property=\"og:site_name\" content=\"Hotel Hiro\" \/>\n<meta property=\"article:modified_time\" content=\"2024-07-29T13:42:48+00:00\" \/>\n<meta name=\"twitter:card\" content=\"summary_large_image\" \/>\n<meta name=\"twitter:label1\" content=\"Tiempo de lectura\" \/>\n\t<meta name=\"twitter:data1\" content=\"1 minuto\" \/>\n<script type=\"application\/ld+json\" class=\"yoast-schema-graph\">{\"@context\":\"https:\/\/schema.org\",\"@graph\":[{\"@type\":\"WebPage\",\"@id\":\"https:\/\/www.hotelhiroparis.com\/es\/les-pauses-enchantees\/\",\"url\":\"https:\/\/www.hotelhiroparis.com\/es\/les-pauses-enchantees\/\",\"name\":\"Pausas encantadas - Hotel Hiro\",\"isPartOf\":{\"@id\":\"https:\/\/www.hotelhiroparis.com\/es\/#website\"},\"datePublished\":\"2024-03-21T15:40:13+00:00\",\"dateModified\":\"2024-07-29T13:42:48+00:00\",\"breadcrumb\":{\"@id\":\"https:\/\/www.hotelhiroparis.com\/es\/les-pauses-enchantees\/#breadcrumb\"},\"inLanguage\":\"es\",\"potentialAction\":[{\"@type\":\"ReadAction\",\"target\":[\"https:\/\/www.hotelhiroparis.com\/es\/les-pauses-enchantees\/\"]}]},{\"@type\":\"BreadcrumbList\",\"@id\":\"https:\/\/www.hotelhiroparis.com\/es\/les-pauses-enchantees\/#breadcrumb\",\"itemListElement\":[{\"@type\":\"ListItem\",\"position\":1,\"name\":\"Home\",\"item\":\"https:\/\/www.hotelhiroparis.com\/es\/\"},{\"@type\":\"ListItem\",\"position\":2,\"name\":\"Pausas encantadas\"}]},{\"@type\":\"WebSite\",\"@id\":\"https:\/\/www.hotelhiroparis.com\/es\/#website\",\"url\":\"https:\/\/www.hotelhiroparis.com\/es\/\",\"name\":\"Hotel Hiro\",\"description\":\"\",\"potentialAction\":[{\"@type\":\"SearchAction\",\"target\":{\"@type\":\"EntryPoint\",\"urlTemplate\":\"https:\/\/www.hotelhiroparis.com\/es\/?s={search_term_string}\"},\"query-input\":\"required name=search_term_string\"}],\"inLanguage\":\"es\"}]}<\/script>\n<!-- \/ Yoast SEO plugin. -->","yoast_head_json":{"title":"Pausas encantadas - Hotel Hiro","robots":{"index":"index","follow":"follow","max-snippet":"max-snippet:-1","max-image-preview":"max-image-preview:large","max-video-preview":"max-video-preview:-1"},"canonical":"https:\/\/www.hotelhiroparis.com\/es\/les-pauses-enchantees\/","og_locale":"es_ES","og_type":"article","og_title":"Pausas encantadas - Hotel Hiro","og_description":"En el H\u00f4tel Hiro, uno se siente como en casa estando en otro lugar. Cada espacio, con su ambiente c\u00e1lido y protector, ofrece sensaciones intensas, placeres sensoriales y emociones aut\u00e9nticas en cada momento del d\u00eda. &nbsp;","og_url":"https:\/\/www.hotelhiroparis.com\/es\/les-pauses-enchantees\/","og_site_name":"Hotel Hiro","article_modified_time":"2024-07-29T13:42:48+00:00","twitter_card":"summary_large_image","twitter_misc":{"Tiempo de lectura":"1 minuto"},"schema":{"@context":"https:\/\/schema.org","@graph":[{"@type":"WebPage","@id":"https:\/\/www.hotelhiroparis.com\/es\/les-pauses-enchantees\/","url":"https:\/\/www.hotelhiroparis.com\/es\/les-pauses-enchantees\/","name":"Pausas encantadas - Hotel Hiro","isPartOf":{"@id":"https:\/\/www.hotelhiroparis.com\/es\/#website"},"datePublished":"2024-03-21T15:40:13+00:00","dateModified":"2024-07-29T13:42:48+00:00","breadcrumb":{"@id":"https:\/\/www.hotelhiroparis.com\/es\/les-pauses-enchantees\/#breadcrumb"},"inLanguage":"es","potentialAction":[{"@type":"ReadAction","target":["https:\/\/www.hotelhiroparis.com\/es\/les-pauses-enchantees\/"]}]},{"@type":"BreadcrumbList","@id":"https:\/\/www.hotelhiroparis.com\/es\/les-pauses-enchantees\/#breadcrumb","itemListElement":[{"@type":"ListItem","position":1,"name":"Home","item":"https:\/\/www.hotelhiroparis.com\/es\/"},{"@type":"ListItem","position":2,"name":"Pausas encantadas"}]},{"@type":"WebSite","@id":"https:\/\/www.hotelhiroparis.com\/es\/#website","url":"https:\/\/www.hotelhiroparis.com\/es\/","name":"Hotel Hiro","description":"","potentialAction":[{"@type":"SearchAction","target":{"@type":"EntryPoint","urlTemplate":"https:\/\/www.hotelhiroparis.com\/es\/?s={search_term_string}"},"query-input":"required name=search_term_string"}],"inLanguage":"es"}]}},"acf":[],"_links":{"self":[{"href":"https:\/\/www.hotelhiroparis.com\/es\/wp-json\/wp\/v2\/pages\/182"}],"collection":[{"href":"https:\/\/www.hotelhiroparis.com\/es\/wp-json\/wp\/v2\/pages"}],"about":[{"href":"https:\/\/www.hotelhiroparis.com\/es\/wp-json\/wp\/v2\/types\/page"}],"author":[{"embeddable":true,"href":"https:\/\/www.hotelhiroparis.com\/es\/wp-json\/wp\/v2\/users\/27"}],"replies":[{"embeddable":true,"href":"https:\/\/www.hotelhiroparis.com\/es\/wp-json\/wp\/v2\/comments?post=182"}],"version-history":[{"count":0,"href":"https:\/\/www.hotelhiroparis.com\/es\/wp-json\/wp\/v2\/pages\/182\/revisions"}],"wp:attachment":[{"href":"https:\/\/www.hotelhiroparis.com\/es\/wp-json\/wp\/v2\/media?parent=182"}],"curies":[{"name":"wp","href":"https:\/\/api.w.org\/{rel}","templated":true}]}}